{"id":302,"date":"2024-01-15T17:36:43","date_gmt":"2024-01-15T20:36:43","guid":{"rendered":"https:\/\/girus.com.br\/?page_id=302"},"modified":"2025-04-04T17:43:16","modified_gmt":"2025-04-04T20:43:16","slug":"parceiros-e-certificacao","status":"publish","type":"page","link":"https:\/\/girus.com.br\/es\/parceiros-e-certificacao\/","title":{"rendered":"Socios y Certificaci\u00f3n"},"content":{"rendered":"<div data-elementor-type=\"wp-page\" data-elementor-id=\"302\" class=\"elementor elementor-302\" data-elementor-post-type=\"page\">\n\t\t\t\t\t\t<section class=\"elementor-section elementor-top-section elementor-element elementor-element-812a2c1 elementor-section-boxed elementor-section-height-default elementor-section-height-default\" data-id=\"812a2c1\" data-element_type=\"section\" data-settings=\"{&quot;background_background&quot;:&quot;classic&quot;}\">\n\t\t\t\t\t\t\t<div class=\"elementor-background-overlay\"><\/div>\n\t\t\t\t\t\t\t<div class=\"elementor-container elementor-column-gap-default\">\n\t\t\t\t\t<div class=\"elementor-column elementor-col-100 elementor-top-column elementor-element elementor-element-9ea3f91\" data-id=\"9ea3f91\" data-element_type=\"column\">\n\t\t\t<div class=\"elementor-widget-wrap elementor-element-populated\">\n\t\t\t\t\t\t<div class=\"elementor-element elementor-element-7a2edec elementor-icon-list--layout-inline elementor-widget__width-auto elementor-mobile-align-center elementor-list-item-link-full_width elementor-widget elementor-widget-icon-list\" data-id=\"7a2edec\" data-element_type=\"widget\" data-widget_type=\"icon-list.default\">\n\t\t\t\t<div class=\"elementor-widget-container\">\n\t\t\t\t\t\t\t<ul class=\"elementor-icon-list-items elementor-inline-items\">\n\t\t\t\t\t\t\t<li class=\"elementor-icon-list-item elementor-inline-item\">\n\t\t\t\t\t\t\t\t\t\t<span class=\"elementor-icon-list-text\">home<\/span>\n\t\t\t\t\t\t\t\t\t<\/li>\n\t\t\t\t\t\t\t\t<li class=\"elementor-icon-list-item elementor-inline-item\">\n\t\t\t\t\t\t\t\t\t\t\t<span class=\"elementor-icon-list-icon\">\n\t\t\t\t\t\t\t<svg aria-hidden=\"true\" class=\"e-font-icon-svg e-fas-circle\" viewbox=\"0 0 512 512\" xmlns=\"http:\/\/www.w3.org\/2000\/svg\"><path d=\"M256 8C119 8 8 119 8 256s111 248 248 248 248-111 248-248S393 8 256 8z\"><\/path><\/svg>\t\t\t\t\t\t<\/span>\n\t\t\t\t\t\t\t\t\t\t<span class=\"elementor-icon-list-text\">socios y certificados<\/span>\n\t\t\t\t\t\t\t\t\t<\/li>\n\t\t\t\t\t\t<\/ul>\n\t\t\t\t\t\t<\/div>\n\t\t\t\t<\/div>\n\t\t\t\t<div class=\"elementor-element elementor-element-dc9c167 elementor-widget elementor-widget-heading\" data-id=\"dc9c167\" data-element_type=\"widget\" data-widget_type=\"heading.default\">\n\t\t\t\t<div class=\"elementor-widget-container\">\n\t\t\t\t\t<h1 class=\"elementor-heading-title elementor-size-default\">Socios y Certificados<\/h1>\t\t\t\t<\/div>\n\t\t\t\t<\/div>\n\t\t\t\t\t<\/div>\n\t\t<\/div>\n\t\t\t\t\t<\/div>\n\t\t<\/section>\n\t\t\t\t<section class=\"elementor-section elementor-top-section elementor-element elementor-element-fcb5630 elementor-section-boxed elementor-section-height-default elementor-section-height-default\" data-id=\"fcb5630\" data-element_type=\"section\">\n\t\t\t\t\t\t<div class=\"elementor-container elementor-column-gap-default\">\n\t\t\t\t\t<div class=\"elementor-column elementor-col-100 elementor-top-column elementor-element elementor-element-f858a5f\" data-id=\"f858a5f\" data-element_type=\"column\">\n\t\t\t<div class=\"elementor-widget-wrap elementor-element-populated\">\n\t\t\t\t\t\t<div class=\"elementor-element elementor-element-d8b4b4a elementor-widget__width-auto animated-slow elementor-invisible elementor-widget elementor-widget-heading\" data-id=\"d8b4b4a\" data-element_type=\"widget\" data-settings=\"{&quot;_animation&quot;:&quot;fadeInUp&quot;}\" data-widget_type=\"heading.default\">\n\t\t\t\t<div class=\"elementor-widget-container\">\n\t\t\t\t\t<h2 class=\"elementor-heading-title elementor-size-default\">socios<\/h2>\t\t\t\t<\/div>\n\t\t\t\t<\/div>\n\t\t\t\t<div class=\"elementor-element elementor-element-9941c37 animated-slow elementor-invisible elementor-widget elementor-widget-heading\" data-id=\"9941c37\" data-element_type=\"widget\" data-settings=\"{&quot;_animation&quot;:&quot;fadeInUp&quot;}\" data-widget_type=\"heading.default\">\n\t\t\t\t<div class=\"elementor-widget-container\">\n\t\t\t\t\t<h3 class=\"elementor-heading-title elementor-size-default\">\u00bfQui\u00e9nes son nuestros socios?<\/h3>\t\t\t\t<\/div>\n\t\t\t\t<\/div>\n\t\t\t\t<section class=\"elementor-section elementor-inner-section elementor-element elementor-element-785196d elementor-section-boxed elementor-section-height-default elementor-section-height-default\" data-id=\"785196d\" data-element_type=\"section\">\n\t\t\t\t\t\t<div class=\"elementor-container elementor-column-gap-default\">\n\t\t\t\t\t<div class=\"elementor-column elementor-col-50 elementor-inner-column elementor-element elementor-element-e2f5dfe\" data-id=\"e2f5dfe\" data-element_type=\"column\">\n\t\t\t<div class=\"elementor-widget-wrap elementor-element-populated\">\n\t\t\t\t\t\t<div class=\"elementor-element elementor-element-0033bce elementor-position-left elementor-vertical-align-top elementor-widget elementor-widget-image-box\" data-id=\"0033bce\" data-element_type=\"widget\" data-widget_type=\"image-box.default\">\n\t\t\t\t<div class=\"elementor-widget-container\">\n\t\t\t\t\t<div class=\"elementor-image-box-wrapper\"><figure class=\"elementor-image-box-img\"><a href=\"https:\/\/www.acate.com.br\/\" tabindex=\"-1\" target=\"_blank\" rel=\"noopener\"><img fetchpriority=\"high\" decoding=\"async\" width=\"604\" height=\"610\" src=\"https:\/\/girus.com.br\/wp-content\/uploads\/2024\/01\/Acate.jpg\" class=\"attachment-full size-full wp-image-817\" alt=\"\" srcset=\"https:\/\/girus.com.br\/wp-content\/uploads\/2024\/01\/Acate.jpg 604w, https:\/\/girus.com.br\/wp-content\/uploads\/2024\/01\/Acate-297x300.jpg 297w, https:\/\/girus.com.br\/wp-content\/uploads\/2024\/01\/Acate-150x150.jpg 150w\" sizes=\"(max-width: 604px) 100vw, 604px\" \/><\/a><\/figure><div class=\"elementor-image-box-content\"><h4 class=\"elementor-image-box-title\"><a href=\"https:\/\/www.acate.com.br\/\" target=\"_blank\" rel=\"noopener\">ACATE<\/a><\/h4><p class=\"elementor-image-box-description\">La Asociaci\u00f3n Tecnol\u00f3gica de Santa Catarina es el principal representante del emprendimiento innovador en Santa Catarina | Compa\u00f1\u00eda asociada.<\/p><\/div><\/div>\t\t\t\t<\/div>\n\t\t\t\t<\/div>\n\t\t\t\t\t<\/div>\n\t\t<\/div>\n\t\t\t\t<div class=\"elementor-column elementor-col-50 elementor-inner-column elementor-element elementor-element-f2aaa3a\" data-id=\"f2aaa3a\" data-element_type=\"column\">\n\t\t\t<div class=\"elementor-widget-wrap elementor-element-populated\">\n\t\t\t\t\t\t<div class=\"elementor-element elementor-element-cb18c1e elementor-position-left elementor-vertical-align-top elementor-widget elementor-widget-image-box\" data-id=\"cb18c1e\" data-element_type=\"widget\" data-widget_type=\"image-box.default\">\n\t\t\t\t<div class=\"elementor-widget-container\">\n\t\t\t\t\t<div class=\"elementor-image-box-wrapper\"><figure class=\"elementor-image-box-img\"><a href=\"https:\/\/chiasmarketing.com\/\" tabindex=\"-1\" target=\"_blank\" rel=\"noopener\"><img decoding=\"async\" width=\"616\" height=\"613\" src=\"https:\/\/girus.com.br\/wp-content\/uploads\/2024\/02\/Chias_Marketing.jpg\" class=\"attachment-full size-full wp-image-1115\" alt=\"\" srcset=\"https:\/\/girus.com.br\/wp-content\/uploads\/2024\/02\/Chias_Marketing.jpg 616w, https:\/\/girus.com.br\/wp-content\/uploads\/2024\/02\/Chias_Marketing-300x300.jpg 300w, https:\/\/girus.com.br\/wp-content\/uploads\/2024\/02\/Chias_Marketing-150x150.jpg 150w, https:\/\/girus.com.br\/wp-content\/uploads\/2024\/02\/Chias_Marketing-12x12.jpg 12w\" sizes=\"(max-width: 616px) 100vw, 616px\" \/><\/a><\/figure><div class=\"elementor-image-box-content\"><h4 class=\"elementor-image-box-title\"><a href=\"https:\/\/chiasmarketing.com\/\" target=\"_blank\" rel=\"noopener\">Chias Marketing<\/a><\/h4><p class=\"elementor-image-box-description\">Chias Marketing es una boutique de consultor\u00eda internacional, enfocada en proyectos \u00fanicos y personalizados. Su objetivo es impactar significativamente los destinos. Barcelona-ES.<\/p><\/div><\/div>\t\t\t\t<\/div>\n\t\t\t\t<\/div>\n\t\t\t\t\t<\/div>\n\t\t<\/div>\n\t\t\t\t\t<\/div>\n\t\t<\/section>\n\t\t\t\t<section class=\"elementor-section elementor-inner-section elementor-element elementor-element-f1382e3 elementor-section-boxed elementor-section-height-default elementor-section-height-default\" data-id=\"f1382e3\" data-element_type=\"section\">\n\t\t\t\t\t\t<div class=\"elementor-container elementor-column-gap-default\">\n\t\t\t\t\t<div class=\"elementor-column elementor-col-50 elementor-inner-column elementor-element elementor-element-d061ed9\" data-id=\"d061ed9\" data-element_type=\"column\">\n\t\t\t<div class=\"elementor-widget-wrap elementor-element-populated\">\n\t\t\t\t\t\t<div class=\"elementor-element elementor-element-8305265 elementor-position-left elementor-vertical-align-top elementor-widget elementor-widget-image-box\" data-id=\"8305265\" data-element_type=\"widget\" data-widget_type=\"image-box.default\">\n\t\t\t\t<div class=\"elementor-widget-container\">\n\t\t\t\t\t<div class=\"elementor-image-box-wrapper\"><figure class=\"elementor-image-box-img\"><img decoding=\"async\" width=\"1398\" height=\"1398\" src=\"https:\/\/girus.com.br\/wp-content\/uploads\/2025\/03\/ITR.jpg\" class=\"attachment-full size-full wp-image-1412\" alt=\"\" srcset=\"https:\/\/girus.com.br\/wp-content\/uploads\/2025\/03\/ITR.jpg 1398w, https:\/\/girus.com.br\/wp-content\/uploads\/2025\/03\/ITR-300x300.jpg 300w, https:\/\/girus.com.br\/wp-content\/uploads\/2025\/03\/ITR-1024x1024.jpg 1024w, https:\/\/girus.com.br\/wp-content\/uploads\/2025\/03\/ITR-150x150.jpg 150w, https:\/\/girus.com.br\/wp-content\/uploads\/2025\/03\/ITR-768x768.jpg 768w, https:\/\/girus.com.br\/wp-content\/uploads\/2025\/03\/ITR-12x12.jpg 12w\" sizes=\"(max-width: 1398px) 100vw, 1398px\" \/><\/figure><div class=\"elementor-image-box-content\"><h4 class=\"elementor-image-box-title\">Instituto de Turismo Responsable (RTI)<\/h4><p class=\"elementor-image-box-description\">El Instituto de Turismo Responsable (RTI) es un organismo independiente fundado en 1995 para promover el desarrollo sostenible en destinos y empresas. Creado con el apoyo de la UNESCO, a trav\u00e9s de un Memor\u00e1ndum de Entendimiento, el RTI posibilit\u00f3 proyectos, eventos y acciones de cooperaci\u00f3n. Es miembro fundador del Consejo Global de Turismo Sostenible (GSTC) y ha recibido numerosos premios a lo largo de los a\u00f1os, incluidos los Premios Europeos de Medio Ambiente (2000), una menci\u00f3n especial en los Premios Green Wood a la Responsabilidad Medioambiental (2005) y el Premio Internacional de Medio Ambiente (2006) de TUI AG.<\/p><\/div><\/div>\t\t\t\t<\/div>\n\t\t\t\t<\/div>\n\t\t\t\t\t<\/div>\n\t\t<\/div>\n\t\t\t\t<div class=\"elementor-column elementor-col-50 elementor-inner-column elementor-element elementor-element-0652328\" data-id=\"0652328\" data-element_type=\"column\">\n\t\t\t<div class=\"elementor-widget-wrap elementor-element-populated\">\n\t\t\t\t\t\t<div class=\"elementor-element elementor-element-912c896 elementor-position-left elementor-vertical-align-top elementor-widget elementor-widget-image-box\" data-id=\"912c896\" data-element_type=\"widget\" data-widget_type=\"image-box.default\">\n\t\t\t\t<div class=\"elementor-widget-container\">\n\t\t\t\t\t<div class=\"elementor-image-box-wrapper\"><figure class=\"elementor-image-box-img\"><img loading=\"lazy\" decoding=\"async\" width=\"604\" height=\"610\" src=\"https:\/\/girus.com.br\/wp-content\/uploads\/2024\/01\/Sebrae.jpg\" class=\"attachment-full size-full wp-image-1025\" alt=\"\" srcset=\"https:\/\/girus.com.br\/wp-content\/uploads\/2024\/01\/Sebrae.jpg 604w, https:\/\/girus.com.br\/wp-content\/uploads\/2024\/01\/Sebrae-297x300.jpg 297w, https:\/\/girus.com.br\/wp-content\/uploads\/2024\/01\/Sebrae-150x150.jpg 150w, https:\/\/girus.com.br\/wp-content\/uploads\/2024\/01\/Sebrae-12x12.jpg 12w\" sizes=\"(max-width: 604px) 100vw, 604px\" \/><\/figure><div class=\"elementor-image-box-content\"><h4 class=\"elementor-image-box-title\">SEBRAE<\/h4><p class=\"elementor-image-box-description\">Servicio Brasile\u00f1o de Apoyo a las Micro y Peque\u00f1as Empresas (Sebrae) - entidad que promueve la competitividad y el desarrollo sostenible de las micro peque\u00f1as empresas | Empresa acreditada.<\/p><\/div><\/div>\t\t\t\t<\/div>\n\t\t\t\t<\/div>\n\t\t\t\t\t<\/div>\n\t\t<\/div>\n\t\t\t\t\t<\/div>\n\t\t<\/section>\n\t\t\t\t<section class=\"elementor-section elementor-inner-section elementor-element elementor-element-252ff26 elementor-section-boxed elementor-section-height-default elementor-section-height-default\" data-id=\"252ff26\" data-element_type=\"section\">\n\t\t\t\t\t\t<div class=\"elementor-container elementor-column-gap-default\">\n\t\t\t\t\t<div class=\"elementor-column elementor-col-50 elementor-inner-column elementor-element elementor-element-8f83d33\" data-id=\"8f83d33\" data-element_type=\"column\">\n\t\t\t<div class=\"elementor-widget-wrap elementor-element-populated\">\n\t\t\t\t\t\t<div class=\"elementor-element elementor-element-c4b5cea elementor-position-left elementor-vertical-align-top elementor-widget elementor-widget-image-box\" data-id=\"c4b5cea\" data-element_type=\"widget\" data-widget_type=\"image-box.default\">\n\t\t\t\t<div class=\"elementor-widget-container\">\n\t\t\t\t\t<div class=\"elementor-image-box-wrapper\"><figure class=\"elementor-image-box-img\"><a href=\"https:\/\/blog.toordata.com.br\/\" tabindex=\"-1\" target=\"_blank\" rel=\"noopener\"><img loading=\"lazy\" decoding=\"async\" width=\"604\" height=\"610\" src=\"https:\/\/girus.com.br\/wp-content\/uploads\/2024\/01\/Toordata_bottom.jpg\" class=\"attachment-full size-full wp-image-1036\" alt=\"\" srcset=\"https:\/\/girus.com.br\/wp-content\/uploads\/2024\/01\/Toordata_bottom.jpg 604w, https:\/\/girus.com.br\/wp-content\/uploads\/2024\/01\/Toordata_bottom-297x300.jpg 297w, https:\/\/girus.com.br\/wp-content\/uploads\/2024\/01\/Toordata_bottom-150x150.jpg 150w, https:\/\/girus.com.br\/wp-content\/uploads\/2024\/01\/Toordata_bottom-12x12.jpg 12w\" sizes=\"(max-width: 604px) 100vw, 604px\" \/><\/a><\/figure><div class=\"elementor-image-box-content\"><h4 class=\"elementor-image-box-title\"><a href=\"https:\/\/blog.toordata.com.br\/\" target=\"_blank\" rel=\"noopener\">Toordata Inteligencia Tur\u00edstica<\/a><\/h4><p class=\"elementor-image-box-description\">Toordata Tourism Intelligence es uno de los negocios de Girus Tourism Solutions. Somos la primera plataforma de Data Analytics dise\u00f1ada para conectar emprendedores e impulsar el sector tur\u00edstico en el estado de Santa Catarina.<\/p><\/div><\/div>\t\t\t\t<\/div>\n\t\t\t\t<\/div>\n\t\t\t\t\t<\/div>\n\t\t<\/div>\n\t\t\t\t<div class=\"elementor-column elementor-col-50 elementor-inner-column elementor-element elementor-element-1e4b0c2\" data-id=\"1e4b0c2\" data-element_type=\"column\">\n\t\t\t<div class=\"elementor-widget-wrap\">\n\t\t\t\t\t\t\t<\/div>\n\t\t<\/div>\n\t\t\t\t\t<\/div>\n\t\t<\/section>\n\t\t\t\t\t<\/div>\n\t\t<\/div>\n\t\t\t\t\t<\/div>\n\t\t<\/section>\n\t\t\t\t<section class=\"elementor-section elementor-top-section elementor-element elementor-element-19e017c elementor-section-boxed elementor-section-height-default elementor-section-height-default\" data-id=\"19e017c\" data-element_type=\"section\">\n\t\t\t\t\t\t<div class=\"elementor-container elementor-column-gap-default\">\n\t\t\t\t\t<div class=\"elementor-column elementor-col-100 elementor-top-column elementor-element elementor-element-216a406\" data-id=\"216a406\" data-element_type=\"column\">\n\t\t\t<div class=\"elementor-widget-wrap elementor-element-populated\">\n\t\t\t\t\t\t<div class=\"elementor-element elementor-element-9adce94 elementor-widget__width-auto animated-slow elementor-invisible elementor-widget elementor-widget-heading\" data-id=\"9adce94\" data-element_type=\"widget\" data-settings=\"{&quot;_animation&quot;:&quot;fadeInUp&quot;}\" data-widget_type=\"heading.default\">\n\t\t\t\t<div class=\"elementor-widget-container\">\n\t\t\t\t\t<h2 class=\"elementor-heading-title elementor-size-default\">certificados<\/h2>\t\t\t\t<\/div>\n\t\t\t\t<\/div>\n\t\t\t\t<div class=\"elementor-element elementor-element-c04774f animated-slow elementor-invisible elementor-widget elementor-widget-heading\" data-id=\"c04774f\" data-element_type=\"widget\" data-settings=\"{&quot;_animation&quot;:&quot;fadeInUp&quot;}\" data-widget_type=\"heading.default\">\n\t\t\t\t<div class=\"elementor-widget-container\">\n\t\t\t\t\t<h3 class=\"elementor-heading-title elementor-size-default\">Descubra nuestros certificados<\/h3>\t\t\t\t<\/div>\n\t\t\t\t<\/div>\n\t\t\t\t<section class=\"elementor-section elementor-inner-section elementor-element elementor-element-e6cf0f7 elementor-section-boxed elementor-section-height-default elementor-section-height-default\" data-id=\"e6cf0f7\" data-element_type=\"section\">\n\t\t\t\t\t\t<div class=\"elementor-container elementor-column-gap-default\">\n\t\t\t\t\t<div class=\"elementor-column elementor-col-50 elementor-inner-column elementor-element elementor-element-3a334a3\" data-id=\"3a334a3\" data-element_type=\"column\">\n\t\t\t<div class=\"elementor-widget-wrap elementor-element-populated\">\n\t\t\t\t\t\t<div class=\"elementor-element elementor-element-71ccd35 elementor-position-left elementor-vertical-align-top elementor-widget elementor-widget-image-box\" data-id=\"71ccd35\" data-element_type=\"widget\" data-widget_type=\"image-box.default\">\n\t\t\t\t<div class=\"elementor-widget-container\">\n\t\t\t\t\t<div class=\"elementor-image-box-wrapper\"><figure class=\"elementor-image-box-img\"><img loading=\"lazy\" decoding=\"async\" width=\"604\" height=\"633\" src=\"https:\/\/girus.com.br\/wp-content\/uploads\/2024\/01\/Inovativa.jpg\" class=\"attachment-full size-full wp-image-819\" alt=\"\" srcset=\"https:\/\/girus.com.br\/wp-content\/uploads\/2024\/01\/Inovativa.jpg 604w, https:\/\/girus.com.br\/wp-content\/uploads\/2024\/01\/Inovativa-286x300.jpg 286w\" sizes=\"(max-width: 604px) 100vw, 604px\" \/><\/figure><div class=\"elementor-image-box-content\"><h4 class=\"elementor-image-box-title\">Inovativa Brasil<\/h4><p class=\"elementor-image-box-description\">Ciclo de aceleraci\u00f3n del Programa Inovativa Brasil 2020.2<\/p><\/div><\/div>\t\t\t\t<\/div>\n\t\t\t\t<\/div>\n\t\t\t\t\t<\/div>\n\t\t<\/div>\n\t\t\t\t<div class=\"elementor-column elementor-col-50 elementor-inner-column elementor-element elementor-element-7912dc6\" data-id=\"7912dc6\" data-element_type=\"column\">\n\t\t\t<div class=\"elementor-widget-wrap elementor-element-populated\">\n\t\t\t\t\t\t<div class=\"elementor-element elementor-element-f1995bf elementor-position-left elementor-vertical-align-top elementor-widget elementor-widget-image-box\" data-id=\"f1995bf\" data-element_type=\"widget\" data-widget_type=\"image-box.default\">\n\t\t\t\t<div class=\"elementor-widget-container\">\n\t\t\t\t\t<div class=\"elementor-image-box-wrapper\"><figure class=\"elementor-image-box-img\"><img loading=\"lazy\" decoding=\"async\" width=\"604\" height=\"610\" src=\"https:\/\/girus.com.br\/wp-content\/uploads\/2024\/01\/Sebraehub.jpg\" class=\"attachment-full size-full wp-image-820\" alt=\"\" srcset=\"https:\/\/girus.com.br\/wp-content\/uploads\/2024\/01\/Sebraehub.jpg 604w, https:\/\/girus.com.br\/wp-content\/uploads\/2024\/01\/Sebraehub-297x300.jpg 297w, https:\/\/girus.com.br\/wp-content\/uploads\/2024\/01\/Sebraehub-150x150.jpg 150w\" sizes=\"(max-width: 604px) 100vw, 604px\" \/><\/figure><div class=\"elementor-image-box-content\"><h4 class=\"elementor-image-box-title\">SebraeHub<\/h4><p class=\"elementor-image-box-description\">Participante del Programa de Incubaci\u00f3n GovTech SEBRAEHUB, promovido por SEBRAE SC.\n<\/p><\/div><\/div>\t\t\t\t<\/div>\n\t\t\t\t<\/div>\n\t\t\t\t\t<\/div>\n\t\t<\/div>\n\t\t\t\t\t<\/div>\n\t\t<\/section>\n\t\t\t\t<section class=\"elementor-section elementor-inner-section elementor-element elementor-element-3638a37 elementor-section-boxed elementor-section-height-default elementor-section-height-default\" data-id=\"3638a37\" data-element_type=\"section\">\n\t\t\t\t\t\t<div class=\"elementor-container elementor-column-gap-default\">\n\t\t\t\t\t<div class=\"elementor-column elementor-col-50 elementor-inner-column elementor-element elementor-element-1bbeebb\" data-id=\"1bbeebb\" data-element_type=\"column\">\n\t\t\t<div class=\"elementor-widget-wrap elementor-element-populated\">\n\t\t\t\t\t\t<div class=\"elementor-element elementor-element-b9ca932 elementor-position-left elementor-vertical-align-top elementor-widget elementor-widget-image-box\" data-id=\"b9ca932\" data-element_type=\"widget\" data-widget_type=\"image-box.default\">\n\t\t\t\t<div class=\"elementor-widget-container\">\n\t\t\t\t\t<div class=\"elementor-image-box-wrapper\"><figure class=\"elementor-image-box-img\"><img loading=\"lazy\" decoding=\"async\" width=\"462\" height=\"487\" src=\"https:\/\/girus.com.br\/wp-content\/uploads\/2024\/01\/Selo-avancada.png\" class=\"attachment-full size-full wp-image-1089\" alt=\"\" srcset=\"https:\/\/girus.com.br\/wp-content\/uploads\/2024\/01\/Selo-avancada.png 462w, https:\/\/girus.com.br\/wp-content\/uploads\/2024\/01\/Selo-avancada-285x300.png 285w, https:\/\/girus.com.br\/wp-content\/uploads\/2024\/01\/Selo-avancada-11x12.png 11w\" sizes=\"(max-width: 462px) 100vw, 462px\" \/><\/figure><div class=\"elementor-image-box-content\"><h4 class=\"elementor-image-box-title\"> Sello Innoway ACATE<\/h4><p class=\"elementor-image-box-description\">El sello fue creado por ACATE para que las empresas puedan mostrar su madurez en innovaci\u00f3n.<\/p><\/div><\/div>\t\t\t\t<\/div>\n\t\t\t\t<\/div>\n\t\t\t\t\t<\/div>\n\t\t<\/div>\n\t\t\t\t<div class=\"elementor-column elementor-col-50 elementor-inner-column elementor-element elementor-element-2bf4a71\" data-id=\"2bf4a71\" data-element_type=\"column\">\n\t\t\t<div class=\"elementor-widget-wrap elementor-element-populated\">\n\t\t\t\t\t\t<div class=\"elementor-element elementor-element-60a461e elementor-position-left elementor-vertical-align-top elementor-widget elementor-widget-image-box\" data-id=\"60a461e\" data-element_type=\"widget\" data-widget_type=\"image-box.default\">\n\t\t\t\t<div class=\"elementor-widget-container\">\n\t\t\t\t\t<div class=\"elementor-image-box-wrapper\"><figure class=\"elementor-image-box-img\"><a href=\"https:\/\/www.biospheresustainable.com\/en\/community\/girus-solucoes-em-turismo\/6868\" target=\"_blank\" tabindex=\"-1\" rel=\"noopener\"><img loading=\"lazy\" decoding=\"async\" width=\"417\" height=\"417\" src=\"https:\/\/girus.com.br\/wp-content\/uploads\/2025\/04\/biosphere_committed-png.png\" class=\"attachment-full size-full wp-image-1487\" alt=\"\" srcset=\"https:\/\/girus.com.br\/wp-content\/uploads\/2025\/04\/biosphere_committed-png.png 417w, https:\/\/girus.com.br\/wp-content\/uploads\/2025\/04\/biosphere_committed-png-300x300.png 300w, https:\/\/girus.com.br\/wp-content\/uploads\/2025\/04\/biosphere_committed-png-150x150.png 150w, https:\/\/girus.com.br\/wp-content\/uploads\/2025\/04\/biosphere_committed-png-12x12.png 12w\" sizes=\"(max-width: 417px) 100vw, 417px\" \/><\/a><\/figure><div class=\"elementor-image-box-content\"><h4 class=\"elementor-image-box-title\"><a href=\"https:\/\/www.biospheresustainable.com\/en\/community\/girus-solucoes-em-turismo\/6868\" target=\"_blank\" rel=\"noopener\">Comprometidos con la Biosfera<\/a><\/h4><p class=\"elementor-image-box-description\">El distintivo Biosphere Committed identifica a las entidades que est\u00e1n comprometidas con realizar esfuerzos sostenibles y, por lo tanto, pretenden adoptar modelos m\u00e1s responsables.<\/p><\/div><\/div>\t\t\t\t<\/div>\n\t\t\t\t<\/div>\n\t\t\t\t\t<\/div>\n\t\t<\/div>\n\t\t\t\t\t<\/div>\n\t\t<\/section>\n\t\t\t\t\t<\/div>\n\t\t<\/div>\n\t\t\t\t\t<\/div>\n\t\t<\/section>\n\t\t\t\t<\/div>","protected":false},"excerpt":{"rendered":"<p>Inicio Socios y certificados Socios y certificados Socios \u00bfQui\u00e9nes son nuestros socios? ACATE La Asociaci\u00f3n de Tecnolog\u00eda de Santa Catarina es el principal representante del emprendimiento innovador en Santa Catarina | Empresa asociada. Chias Marketing es una boutique de consultor\u00eda internacional enfocada en proyectos \u00fanicos y personalizados. Su objetivo es impactar significativamente los destinos. [\u2026]<\/p>","protected":false},"author":1,"featured_media":0,"parent":0,"menu_order":0,"comment_status":"closed","ping_status":"closed","template":"elementor_header_footer","meta":{"_acf_changed":false,"footnotes":""},"class_list":["post-302","page","type-page","status-publish","hentry"],"acf":[],"_links":{"self":[{"href":"https:\/\/girus.com.br\/es\/wp-json\/wp\/v2\/pages\/302","targetHints":{"allow":["GET"]}}],"collection":[{"href":"https:\/\/girus.com.br\/es\/wp-json\/wp\/v2\/pages"}],"about":[{"href":"https:\/\/girus.com.br\/es\/wp-json\/wp\/v2\/types\/page"}],"author":[{"embeddable":true,"href":"https:\/\/girus.com.br\/es\/wp-json\/wp\/v2\/users\/1"}],"replies":[{"embeddable":true,"href":"https:\/\/girus.com.br\/es\/wp-json\/wp\/v2\/comments?post=302"}],"version-history":[{"count":97,"href":"https:\/\/girus.com.br\/es\/wp-json\/wp\/v2\/pages\/302\/revisions"}],"predecessor-version":[{"id":1490,"href":"https:\/\/girus.com.br\/es\/wp-json\/wp\/v2\/pages\/302\/revisions\/1490"}],"wp:attachment":[{"href":"https:\/\/girus.com.br\/es\/wp-json\/wp\/v2\/media?parent=302"}],"curies":[{"name":"wp","href":"https:\/\/api.w.org\/{rel}","templated":true}]}}